{"id":76,"date":"2025-01-10T09:52:18","date_gmt":"2025-01-10T09:52:18","guid":{"rendered":"https:\/\/demosites.royal-elementor-addons.com\/portfolio-v1\/?page_id=76"},"modified":"2025-01-23T23:39:05","modified_gmt":"2025-01-23T23:39:05","slug":"services","status":"publish","type":"page","link":"https:\/\/latinos-pittsburgh.com\/es\/services\/","title":{"rendered":"Servicios"},"content":{"rendered":"<div data-elementor-type=\"wp-page\" data-elementor-id=\"76\" class=\"elementor elementor-76\">\n\t\t\t\t\t\t<section class=\"elementor-section elementor-top-section elementor-element elementor-element-b367c58 elementor-section-boxed elementor-section-height-default elementor-section-height-default wpr-particle-no wpr-jarallax-no wpr-parallax-no wpr-sticky-section-no wpr-equal-height-no\" data-id=\"b367c58\" data-element_type=\"section\" data-e-type=\"section\" data-settings=\"{&quot;background_background&quot;:&quot;classic&quot;}\">\n\t\t\t\t\t\t\t<div class=\"elementor-background-overlay\"><\/div>\n\t\t\t\t\t\t\t<div class=\"elementor-container elementor-column-gap-default\">\n\t\t\t\t\t<div class=\"elementor-column elementor-col-100 elementor-top-column elementor-element elementor-element-112f10b\" data-id=\"112f10b\" data-element_type=\"column\" data-e-type=\"column\">\n\t\t\t<div class=\"elementor-widget-wrap elementor-element-populated\">\n\t\t\t\t\t\t<div class=\"elementor-element elementor-element-96b0967 elementor-widget elementor-widget-heading\" data-id=\"96b0967\" data-element_type=\"widget\" data-e-type=\"widget\" data-widget_type=\"heading.default\">\n\t\t\t\t<div class=\"elementor-widget-container\">\n\t\t\t\t\t<h2 class=\"elementor-heading-title elementor-size-default\">Servicios<\/h2>\t\t\t\t<\/div>\n\t\t\t\t<\/div>\n\t\t\t\t\t<\/div>\n\t\t<\/div>\n\t\t\t\t\t<\/div>\n\t\t<\/section>\n\t\t\t\t<section class=\"elementor-section elementor-top-section elementor-element elementor-element-1b45fb9 elementor-section-full_width elementor-section-height-default elementor-section-height-default wpr-particle-no wpr-jarallax-no wpr-parallax-no wpr-sticky-section-no wpr-equal-height-no\" data-id=\"1b45fb9\" data-element_type=\"section\" data-e-type=\"section\">\n\t\t\t\t\t\t<div class=\"elementor-container elementor-column-gap-wide\">\n\t\t\t\t\t<div class=\"elementor-column elementor-col-100 elementor-top-column elementor-element elementor-element-208ae9f\" data-id=\"208ae9f\" data-element_type=\"column\" data-e-type=\"column\">\n\t\t\t<div class=\"elementor-widget-wrap elementor-element-populated\">\n\t\t\t\t\t\t<div class=\"elementor-element elementor-element-e9722da elementor-widget elementor-widget-heading\" data-id=\"e9722da\" data-element_type=\"widget\" data-e-type=\"widget\" data-widget_type=\"heading.default\">\n\t\t\t\t<div class=\"elementor-widget-container\">\n\t\t\t\t\t<h2 class=\"elementor-heading-title elementor-size-default\">Servicios<\/h2>\t\t\t\t<\/div>\n\t\t\t\t<\/div>\n\t\t\t\t<div class=\"elementor-element elementor-element-59868f2 elementor-widget-divider--view-line elementor-widget elementor-widget-divider\" data-id=\"59868f2\" data-element_type=\"widget\" data-e-type=\"widget\" data-widget_type=\"divider.default\">\n\t\t\t\t<div class=\"elementor-widget-container\">\n\t\t\t\t\t\t\t<div class=\"elementor-divider\">\n\t\t\t<span class=\"elementor-divider-separator\">\n\t\t\t\t\t\t<\/span>\n\t\t<\/div>\n\t\t\t\t\t\t<\/div>\n\t\t\t\t<\/div>\n\t\t\t\t<div class=\"elementor-element elementor-element-cc465cf elementor-widget-divider--view-line elementor-widget elementor-widget-divider\" data-id=\"cc465cf\" data-element_type=\"widget\" data-e-type=\"widget\" data-widget_type=\"divider.default\">\n\t\t\t\t<div class=\"elementor-widget-container\">\n\t\t\t\t\t\t\t<div class=\"elementor-divider\">\n\t\t\t<span class=\"elementor-divider-separator\">\n\t\t\t\t\t\t<\/span>\n\t\t<\/div>\n\t\t\t\t\t\t<\/div>\n\t\t\t\t<\/div>\n\t\t\t\t<div class=\"elementor-element elementor-element-5205598 elementor-widget elementor-widget-shortcode\" data-id=\"5205598\" data-element_type=\"widget\" data-e-type=\"widget\" data-widget_type=\"shortcode.default\">\n\t\t\t\t<div class=\"elementor-widget-container\">\n\t\t\t\t\t\t\t<div class=\"elementor-shortcode\">\n<table id=\"tablepress-4\" class=\"tablepress tablepress-id-4\">\n<thead>\n<tr class=\"row-1\">\n\t<th class=\"column-1\">Tipo de servicio <\/th><th class=\"column-2\">Nombre <\/th><th class=\"column-3\">P\u00e1gina de internet<\/th><th class=\"column-4\">Direcci\u00f3n<\/th><th class=\"column-5\">Barrio <\/th><th class=\"column-6\">Informaci\u00f3n de contacto <\/th><th class=\"column-7\">Descripci\u00f3n <\/th>\n<\/tr>\n<\/thead>\n<tbody class=\"row-striping row-hover\">\n<tr class=\"row-2\">\n\t<td class=\"column-1\">Desarrollo profesional<\/td><td class=\"column-2\">Association of Latino Professionals For America<\/td><td class=\"column-3\"><a href=\"https:\/\/www.alpfa.org\/pittsburgh-professional-chapter\">P\u00e1gina de internet<\/a><\/td><td class=\"column-4\">No aplicable<\/td><td class=\"column-5\">No aplicable<\/td><td class=\"column-6\">info@pittsburgh.alpfa.org<\/td><td class=\"column-7\">Asociaci\u00f3n profesional latina en EE.UU. Capacita y desarrolla a latinos como l\u00edderes de la naci\u00f3n.<\/td>\n<\/tr>\n<tr class=\"row-3\">\n\t<td class=\"column-1\">Medio (radio)<\/td><td class=\"column-2\">Barrio Latino (WRCT)<\/td><td class=\"column-3\"><a href=\"https:\/\/www.wrct.org\/show\/830\/\">P\u00e1gina de internet<\/a><\/td><td class=\"column-4\">S\u00f3lo en l\u00ednea<\/td><td class=\"column-5\">S\u00f3lo en l\u00ednea<\/td><td class=\"column-6\"><a href=\"http:\/\/barriolatinopgh.org\/contactanos\/\">barriolatinopgh.org\/contactanos\/<\/a><\/td><td class=\"column-7\">Emisi\u00f3n semanal de una hora de radio comunitaria en espa\u00f1ol en WRCT 88.3 FM, los jueves por la noche de 18.00 a 19.00 horas. <\/td>\n<\/tr>\n<tr class=\"row-4\">\n\t<td class=\"column-1\">Educaci\u00f3n (clases de ingl\u00e9s gratuitas)<\/td><td class=\"column-2\">Carnegie Libraries <\/td><td class=\"column-3\"><a href=\"https:\/\/www.carnegielibrary.org\/research-overview\/for-language-learners\/language-learning-materials-and-online-programs\/\">P\u00e1gina de internet<\/a><\/td><td class=\"column-4\">4400 Forbes Ave, Pittsburgh, PA 15213<\/td><td class=\"column-5\">Oakland <\/td><td class=\"column-6\">(412) 622-3114<\/td><td class=\"column-7\">A trav\u00e9s del pase de biblioteca de Carnegie, puede acceder a servicios gratuitos de aprendizaje de ingl\u00e9s en persona o en l\u00ednea. <\/td>\n<\/tr>\n<tr class=\"row-5\">\n\t<td class=\"column-1\">Servicios sociales<\/td><td class=\"column-2\">Casa San Jos\u00e9<\/td><td class=\"column-3\"><a href=\"https:\/\/casasanjose.org\/\">P\u00e1gina de internet<\/a><\/td><td class=\"column-4\">2116 Broadway Ave, Pittsburgh, PA 15216<\/td><td class=\"column-5\">Beechview<\/td><td class=\"column-6\">info@casasanjose.org.\u00a0<\/td><td class=\"column-7\">Sirve de base de apoyo a la comunidad latina proporcionando recursos como cl\u00ednicas semanales, despensas de alimentos, campamentos de verano, reuniones comunitarias, sesiones para conocer sus derechos y mucho m\u00e1s.<\/td>\n<\/tr>\n<tr class=\"row-6\">\n\t<td class=\"column-1\">Educaci\u00f3n<\/td><td class=\"column-2\">Center for Latin American Studies <\/td><td class=\"column-3\"><a href=\"https:\/\/www.ucis.pitt.edu\/clas\/about\">P\u00e1gina de internet<\/a><\/td><td class=\"column-4\">4200 Wesley W Posvar Hall, Pittsburgh, PA 15213<\/td><td class=\"column-5\">Oakland<\/td><td class=\"column-6\"><a href=\"mailto:clas@pitt.edu\">clas@pitt.edu<\/a><\/td><td class=\"column-7\">Promueve la comprensi\u00f3n global mediante el apoyo a la ense\u00f1anza, el aprendizaje y la investigaci\u00f3n en y sobre Am\u00e9rica Latina, el Caribe y las diversas comunidades diasp\u00f3ricas de origen latinoamericano y caribe\u00f1o. <\/td>\n<\/tr>\n<tr class=\"row-7\">\n\t<td class=\"column-1\">Cultura<\/td><td class=\"column-2\">Circulo Juvenil de Cultura<\/td><td class=\"column-3\"><a href=\"https:\/\/circulocmu.blogspot.com\/?fbclid=IwAR09usVs5d-mpq-ww15wDw4YdDmOT5p5hT_iHlPhh5V6iodS6vEBTvVa3zQ\">P\u00e1gina de internet<\/a><\/td><td class=\"column-4\">341 Posner Hall, 5000 Forbes Avenue,  Pittsburgh, PA 15213<\/td><td class=\"column-5\">Oakland<\/td><td class=\"column-6\">(412) 268-5149, lacc@lasaweb.org<\/td><td class=\"column-7\">Programa de divulgaci\u00f3n para ni\u00f1os hispanos. Su objetivo es crear comunidad entre los ni\u00f1os hispanos nativos o de herencia en el \u00e1rea de Pittsburgh y sus familias, al tiempo que mantienen\/desarrollan su competencia ling\u00fc\u00edstica y cultural hispana.<\/td>\n<\/tr>\n<tr class=\"row-8\">\n\t<td class=\"column-1\">Desarrollo comunitario<\/td><td class=\"column-2\">Colombia en Pittsburgh<\/td><td class=\"column-3\"><a href=\"http:\/\/www.colombiaenpittsburgh.org\/\">P\u00e1gina de internet<\/a><\/td><td class=\"column-4\">No aplicable<\/td><td class=\"column-5\">No aplicable<\/td><td class=\"column-6\">cep@colombiaenpittsburgh.org.<\/td><td class=\"column-7\">Organizaci\u00f3n comunitaria colombiana dedicada al bienestar de los colombianos que viven en Pittsburgh y en Colombia.<\/td>\n<\/tr>\n<tr class=\"row-9\">\n\t<td class=\"column-1\">M\u00fasica<\/td><td class=\"column-2\">Coro Latinamericano Pittsburgh<\/td><td class=\"column-3\"><a href=\"https:\/\/www.elcorolatino.com\/\">P\u00e1gina de internet<\/a><\/td><td class=\"column-4\">5032 Forbes Ave (#1905), Pittsburgh, PA 15289<\/td><td class=\"column-5\">Oakland <\/td><td class=\"column-6\">corolapghdirect@gmail.com<\/td><td class=\"column-7\">Un coro laico que act\u00faa en espa\u00f1ol.<\/td>\n<\/tr>\n<tr class=\"row-10\">\n\t<td class=\"column-1\">Educaci\u00f3n (clases de ingl\u00e9s gratuitas)<\/td><td class=\"column-2\">Considera donar a Goodwill of Southwestern PA<\/td><td class=\"column-3\"><a href=\"https:\/\/www.goodwillswpa.org\/life-changing-services\/education-and-training\/esl-classes\/\">P\u00e1gina de internet<\/a><\/td><td class=\"column-4\">118 52nd St., Pittsburgh, PA 15201<\/td><td class=\"column-5\">Lawrenceville <\/td><td class=\"column-6\">(412) 632-1800<\/td><td class=\"column-7\">Las clases de ingl\u00e9s gratuitas de Goodwill est\u00e1n abiertas a todos los niveles de angloparlantes que vivan en el condado de Allegheny. Ofrecemos clases online y presenciales para principiantes, intermedios y avanzados. Los nuevos estudiantes realizar\u00e1n una breve prueba para determinar qu\u00e9 clase es la m\u00e1s adecuada. Se ofrecen clases en l\u00ednea y presenciales.<\/td>\n<\/tr>\n<tr class=\"row-11\">\n\t<td class=\"column-1\">Preescolar<\/td><td class=\"column-2\">La Escuelita Arcoiris<\/td><td class=\"column-3\"><a href=\"https:\/\/www.spanishleap.com\/\">P\u00e1gina de internet<\/a><\/td><td class=\"column-4\">5915 Beacon St, Pittsburgh, PA 15217<\/td><td class=\"column-5\">Squirrel Hill South<\/td><td class=\"column-6\">contactanos@laescuelitapgh.org<\/td><td class=\"column-7\">Un preescolar de inmersi\u00f3n en espa\u00f1ol basado en la naturaleza y situado en el coraz\u00f3n de Pittsburgh. <\/td>\n<\/tr>\n<tr class=\"row-12\">\n\t<td class=\"column-1\">Organizaci\u00f3n Laboral<\/td><td class=\"column-2\">Labor Council for Latin American Advacement<\/td><td class=\"column-3\"><a href=\"http:\/\/facebook.com\/lclaapittsburgh\">P\u00e1gina de internet<\/a><\/td><td class=\"column-4\">5 Gateway Center, Fl 7th, Pittsburgh, PA 15222<\/td><td class=\"column-5\">Downtown <\/td><td class=\"column-6\">(202) 508-6919<\/td><td class=\"column-7\">Organizaci\u00f3n laboral que trabaja para fomentar la capacitaci\u00f3n pol\u00edtica entre los miembros de la comunidad latina, apoyando la justicia econ\u00f3mica y social para todos los trabajadores.<\/td>\n<\/tr>\n<tr class=\"row-13\">\n\t<td class=\"column-1\">Cultura <\/td><td class=\"column-2\">Latin American Cultural Center <\/td><td class=\"column-3\"><a href=\"https:\/\/lacc.lasaweb.org\/\">P\u00e1gina de internet<\/a><\/td><td class=\"column-4\">4338 Bigelow Boulevard, Pittsburgh, PA 15213<\/td><td class=\"column-5\">North Oakland<\/td><td class=\"column-6\">(412) 383-8078<\/td><td class=\"column-7\">Museo y Centro de las Artes, la Historia y las Culturas de Am\u00e9rica Latina.<\/td>\n<\/tr>\n<tr class=\"row-14\">\n\t<td class=\"column-1\">Desarrollo profesional  <\/td><td class=\"column-2\">Latin American Studies Association<\/td><td class=\"column-3\"><br \/>\n<a href=\"https:\/\/www.lasaweb.org\/en\/\">P\u00e1gina de internet<\/a><\/td><td class=\"column-4\">4338 Bigelow Boulevard, Pittsburgh, PA 15213<\/td><td class=\"column-5\">North Oakland<\/td><td class=\"column-6\">lasa@lasaweb.org<\/td><td class=\"column-7\">LASA es la mayor asociaci\u00f3n profesional del mundo para personas e instituciones dedicadas al estudio de Am\u00e9rica Latina.<\/td>\n<\/tr>\n<tr class=\"row-15\">\n\t<td class=\"column-1\">Desarrollo comunitario<\/td><td class=\"column-2\">Latino Community Center<\/td><td class=\"column-3\"><a href=\"https:\/\/www.latinocommunitycenter.org\/\">P\u00e1gina de internet<\/a><\/td><td class=\"column-4\">5750 Baum Blvd, Pittsburgh, PA 15206<\/td><td class=\"column-5\">East Liberty<\/td><td class=\"column-6\">info@latinocommunitycenter.org<\/td><td class=\"column-7\">Organizaci\u00f3n sin \u00e1nimo de lucro cuya misi\u00f3n es potenciar, defender y celebrar la comunidad latina en el condado de Allegheny. <\/td>\n<\/tr>\n<tr class=\"row-16\">\n\t<td class=\"column-1\">Educaci\u00f3n (clases de ingl\u00e9s gratuitas)<\/td><td class=\"column-2\">Literacy Pittsburgh<\/td><td class=\"column-3\"><a href=\"https:\/\/www.literacypittsburgh.org\/free-english-classes\/\">P\u00e1gina de internet<\/a><\/td><td class=\"column-4\">411 Seventh Avenue, Suite 525, Pittsburgh, PA 15219<\/td><td class=\"column-5\">In-person and online services<\/td><td class=\"column-6\">(412) 909-6496<\/td><td class=\"column-7\">Cursos de ingl\u00e9s gratuitos centrados en las habilidades de hablar y escuchar, tener \u00e9xito en el lugar de trabajo y desenvolverse en la vida diaria en una nueva ciudad y cultura. Para estudiantes internacionales.<\/td>\n<\/tr>\n<tr class=\"row-17\">\n\t<td class=\"column-1\">Educaci\u00f3n (clases de ingl\u00e9s gratuitas)<\/td><td class=\"column-2\">Pitt Club de Espa\u00f1ol<\/td><td class=\"column-3\"><a href=\"https:\/\/www.facebook.com\/groups\/8027533255\">P\u00e1gina de internet<\/a><\/td><td class=\"column-4\">No aplicable <\/td><td class=\"column-5\">No aplicable <\/td><td class=\"column-6\"><a href=\"mailto:pittspanishclub@gmail.com\">pittspanishclub@gmail.com<\/a><\/td><td class=\"column-7\">Organizaci\u00f3n estudiantil cuyo objetivo principal es fomentar la pr\u00e1ctica del espa\u00f1ol y apreciar las culturas de los pa\u00edses hispanohablantes. <\/td>\n<\/tr>\n<tr class=\"row-18\">\n\t<td class=\"column-1\">Desarrollo comunitario<\/td><td class=\"column-2\">Pittsburgh Hispanic Development Corporation<\/td><td class=\"column-3\"><a href=\"https:\/\/www.phdcincubator.org\/\">P\u00e1gina de internet<\/a><\/td><td class=\"column-4\">1555 Broadway Ave, Pittsburgh, PA 15216<\/td><td class=\"column-5\">Beechview<\/td><td class=\"column-6\"><a href=\"mailto:info@phdcincubator.org\">info@phdcincubator.org<\/a><\/td><td class=\"column-7\">Corporaci\u00f3n de desarrollo comunitario dedicada a mejorar la vida de los hispanos de la regi\u00f3n, aumentar la poblaci\u00f3n hispana, apoyar a las empresas hispanas existentes y nuevas, y aumentar la inversi\u00f3n hispana en la regi\u00f3n. <br \/>\n<\/td>\n<\/tr>\n<tr class=\"row-19\">\n\t<td class=\"column-1\">Medio (revista)<\/td><td class=\"column-2\">Pittsburgh Latino Magazine<\/td><td class=\"column-3\"><a href=\"https:\/\/presentepgh.com\/\">P\u00e1gina de internet<\/a><\/td><td class=\"column-4\">1555 Broadway Ave 2nd Floor, Pittsburgh, PA 15216<\/td><td class=\"column-5\">Beechview <\/td><td class=\"column-6\">LatinoNews@PresentePGH.com<\/td><td class=\"column-7\">Revista latinoamericana en Pittsburgh.<\/td>\n<\/tr>\n<tr class=\"row-20\">\n\t<td class=\"column-1\">Desarrollo profesional<\/td><td class=\"column-2\">Pittsburgh Metropolitan Area Hispanic Chamber of Commerce<\/td><td class=\"column-3\"><a href=\"https:\/\/www.pmahcc.org\/\">P\u00e1gina de internet<\/a><\/td><td class=\"column-4\">1555 Broadway Ave 2nd Floor, Pittsburgh, PA 15216<\/td><td class=\"column-5\">Beechview <\/td><td class=\"column-6\"><a href=\"mailto:chamber@pmahcc.org\">(412) 533-9300, chamber@pmahcc.org<\/a><\/td><td class=\"column-7\"> Principal defensor regional de los intereses c\u00edvicos y econ\u00f3micos de la comunidad empresarial hispana y ofrece oportunidades empresariales regionales para el desarrollo econ\u00f3mico.<\/td>\n<\/tr>\n<tr class=\"row-21\">\n\t<td class=\"column-1\">Salud <\/td><td class=\"column-2\">UPMC's Spanish Clinic: Salud para ni\u00f1os <\/td><td class=\"column-3\"><a href=\"https:\/\/www.chp.edu\/our-services\/spanish-clinic\">P\u00e1gina de internet<\/a><\/td><td class=\"column-4\">4401 Penn Ave, Pittsburgh, PA 15224<\/td><td class=\"column-5\">Lawrenceville <\/td><td class=\"column-6\">(412) 692-6000, option 8<\/td><td class=\"column-7\">Ofrece servicios y actividades dirigidos a la prevenci\u00f3n y a la capacitaci\u00f3n de la comunidad sobre su propia salud. Algunas de las actividades y servicios ofrecidos incluyen inmunizaciones y atenci\u00f3n primaria pedi\u00e1trica biling\u00fce gratuita, programas biling\u00fces de alfabetizaci\u00f3n, materiales de lectura e informaci\u00f3n sobre promoci\u00f3n de la salud para padres en espa\u00f1ol y programas de prevenci\u00f3n de lesiones.<\/td>\n<\/tr>\n<tr class=\"row-22\">\n\t<td class=\"column-1\">Desarrollo comunitario<\/td><td class=\"column-2\">Latin American Cultural Union<\/td><td class=\"column-3\"><a href=\"https:\/\/www.facebook.com\/LatinAmericanCulturalUnion\/\">P\u00e1gina de internet<\/a><\/td><td class=\"column-4\">1660 Broadway Ave, Pittsburgh, PA 16216<\/td><td class=\"column-5\">Beechview <\/td><td class=\"column-6\">(412) 345-1047<\/td><td class=\"column-7\">Promueve, preserva y enriquece las culturas latinoamericanas en el \u00e1rea metropolitana de Pittsburgh. <\/td>\n<\/tr>\n<tr class=\"row-23\">\n\t<td class=\"column-1\">Desarrollo comunitario<\/td><td class=\"column-2\">Building New Hope<\/td><td class=\"column-3\"><a href=\"https:\/\/www.buildingnewhope.org\/\">P\u00e1gina de internet<\/a><\/td><td class=\"column-4\">6401 Penn Ave, 3rd Floor, Pittsburgh, PA 15206<\/td><td class=\"column-5\">Bakery Square<\/td><td class=\"column-6\"><a href=\"mailto:info@buildingnewhope.org\">(412) 421-1625, info@buildingnewhope.org<\/a><\/td><td class=\"column-7\">Organizaci\u00f3n sin \u00e1nimo de lucro que vincula a voluntarios, consumidores preocupados y ciudadanos del mundo comprometidos con j\u00f3venes, mujeres y agricultores de peque\u00f1as comunidades de Nicaragua para reducir la pobreza mediante la educaci\u00f3n y el desarrollo comunitario.<\/td>\n<\/tr>\n<tr class=\"row-24\">\n\t<td class=\"column-1\">Desarrollo comunitario<\/td><td class=\"column-2\">Global Links<\/td><td class=\"column-3\"><a href=\"http:\/\/www.globallinks.org\/\">P\u00e1gina de internet<\/a><\/td><td class=\"column-4\">700 Trumbull Drive, Pittsburgh, PA 15205<\/td><td class=\"column-5\">Green Tree<\/td><td class=\"column-6\">(412) 361-3424<\/td><td class=\"column-7\">Organizaci\u00f3n de ayuda m\u00e9dica y desarrollo dedicada a promover la protecci\u00f3n del medio ambiente y mejorar la salud en los pa\u00edses en desarrollo.<\/td>\n<\/tr>\n<tr class=\"row-25\">\n\t<td class=\"column-1\">Desarrollo comunitario<\/td><td class=\"column-2\">Latcom<\/td><td class=\"column-3\"><a href=\"http:\/\/www.latcom.org\/index.html\">P\u00e1gina de internet<\/a><\/td><td class=\"column-4\">4133 Ellwood Road New Castle, PA 16101<\/td><td class=\"column-5\">New Castle <\/td><td class=\"column-6\">(724) 924-9070<\/td><td class=\"column-7\">La misi\u00f3n de este grupo es que los latinoamericanos y sus naciones sean transformados con el Evangelio y una cosmovisi\u00f3n b\u00edblica, mediante la formaci\u00f3n, el equipamiento y la motivaci\u00f3n de l\u00edderes actuales y futuros.<\/td>\n<\/tr>\n<tr class=\"row-26\">\n\t<td class=\"column-1\">Desarrollo comunitario<\/td><td class=\"column-2\">ANSAR<\/td><td class=\"column-3\"><a href=\"https:\/\/www.ansarpitt.org\/\">P\u00e1gina de internet<\/a><\/td><td class=\"column-4\">140 E Main Street, Carnegie, PA 15106<\/td><td class=\"column-5\">Pittsburgh, Carnegie, and Ambridge<\/td><td class=\"column-6\">(724) 624-3955<\/td><td class=\"column-7\">Non-profit that empowers immigrants to set new roots. They run programs that range from educational services, social services, events, cultural awareness, immigration services, financial assistance and career development. <\/td>\n<\/tr>\n<\/tbody>\n<\/table>\n<\/div>\n\t\t\t\t\t\t<\/div>\n\t\t\t\t<\/div>\n\t\t\t\t\t<\/div>\n\t\t<\/div>\n\t\t\t\t\t<\/div>\n\t\t<\/section>\n\t\t\t\t<\/div>","protected":false},"excerpt":{"rendered":"<p>Services Services<\/p>","protected":false},"author":1,"featured_media":0,"parent":0,"menu_order":0,"comment_status":"closed","ping_status":"closed","template":"elementor_canvas","meta":{"footnotes":""},"class_list":["post-76","page","type-page","status-publish","hentry"],"_links":{"self":[{"href":"https:\/\/latinos-pittsburgh.com\/es\/wp-json\/wp\/v2\/pages\/76","targetHints":{"allow":["GET"]}}],"collection":[{"href":"https:\/\/latinos-pittsburgh.com\/es\/wp-json\/wp\/v2\/pages"}],"about":[{"href":"https:\/\/latinos-pittsburgh.com\/es\/wp-json\/wp\/v2\/types\/page"}],"author":[{"embeddable":true,"href":"https:\/\/latinos-pittsburgh.com\/es\/wp-json\/wp\/v2\/users\/1"}],"replies":[{"embeddable":true,"href":"https:\/\/latinos-pittsburgh.com\/es\/wp-json\/wp\/v2\/comments?post=76"}],"version-history":[{"count":19,"href":"https:\/\/latinos-pittsburgh.com\/es\/wp-json\/wp\/v2\/pages\/76\/revisions"}],"predecessor-version":[{"id":1310,"href":"https:\/\/latinos-pittsburgh.com\/es\/wp-json\/wp\/v2\/pages\/76\/revisions\/1310"}],"wp:attachment":[{"href":"https:\/\/latinos-pittsburgh.com\/es\/wp-json\/wp\/v2\/media?parent=76"}],"curies":[{"name":"wp","href":"https:\/\/api.w.org\/{rel}","templated":true}]}}