{"id":1054,"date":"2025-01-14T23:55:38","date_gmt":"2025-01-14T23:55:38","guid":{"rendered":"https:\/\/latinos-pittsburgh.com\/?page_id=1054"},"modified":"2025-01-23T23:39:38","modified_gmt":"2025-01-23T23:39:38","slug":"things-to-do-in-pittsburgh","status":"publish","type":"page","link":"https:\/\/latinos-pittsburgh.com\/es\/things-to-do-in-pittsburgh\/","title":{"rendered":"Qu\u00e9 hacer en Pittsburgh"},"content":{"rendered":"<div data-elementor-type=\"wp-page\" data-elementor-id=\"1054\" class=\"elementor elementor-1054\">\n\t\t\t\t\t\t<section class=\"elementor-section elementor-top-section elementor-element elementor-element-b367c58 elementor-section-boxed elementor-section-height-default elementor-section-height-default wpr-particle-no wpr-jarallax-no wpr-parallax-no wpr-sticky-section-no wpr-equal-height-no\" data-id=\"b367c58\" data-element_type=\"section\" data-e-type=\"section\" data-settings=\"{&quot;background_background&quot;:&quot;classic&quot;}\">\n\t\t\t\t\t\t\t<div class=\"elementor-background-overlay\"><\/div>\n\t\t\t\t\t\t\t<div class=\"elementor-container elementor-column-gap-default\">\n\t\t\t\t\t<div class=\"elementor-column elementor-col-100 elementor-top-column elementor-element elementor-element-112f10b\" data-id=\"112f10b\" data-element_type=\"column\" data-e-type=\"column\">\n\t\t\t<div class=\"elementor-widget-wrap elementor-element-populated\">\n\t\t\t\t\t\t<div class=\"elementor-element elementor-element-96b0967 elementor-widget elementor-widget-heading\" data-id=\"96b0967\" data-element_type=\"widget\" data-e-type=\"widget\" data-widget_type=\"heading.default\">\n\t\t\t\t<div class=\"elementor-widget-container\">\n\t\t\t\t\t<h2 class=\"elementor-heading-title elementor-size-default\">Qu\u00e9 hacer en Pittsburgh <\/h2>\t\t\t\t<\/div>\n\t\t\t\t<\/div>\n\t\t\t\t\t<\/div>\n\t\t<\/div>\n\t\t\t\t\t<\/div>\n\t\t<\/section>\n\t\t\t\t<section class=\"elementor-section elementor-top-section elementor-element elementor-element-95a8b54 elementor-section-full_width elementor-section-height-default elementor-section-height-default wpr-particle-no wpr-jarallax-no wpr-parallax-no wpr-sticky-section-no wpr-equal-height-no\" data-id=\"95a8b54\" data-element_type=\"section\" data-e-type=\"section\">\n\t\t\t\t\t\t<div class=\"elementor-container elementor-column-gap-wide\">\n\t\t\t\t\t<div class=\"elementor-column elementor-col-100 elementor-top-column elementor-element elementor-element-553b92e\" data-id=\"553b92e\" data-element_type=\"column\" data-e-type=\"column\">\n\t\t\t<div class=\"elementor-widget-wrap elementor-element-populated\">\n\t\t\t\t\t\t<div class=\"elementor-element elementor-element-3b7533f elementor-widget elementor-widget-heading\" data-id=\"3b7533f\" data-element_type=\"widget\" data-e-type=\"widget\" data-widget_type=\"heading.default\">\n\t\t\t\t<div class=\"elementor-widget-container\">\n\t\t\t\t\t<h2 class=\"elementor-heading-title elementor-size-default\">Qu\u00e9 hacer en Pittsburgh <\/h2>\t\t\t\t<\/div>\n\t\t\t\t<\/div>\n\t\t\t\t<div class=\"elementor-element elementor-element-a511a59 elementor-widget-divider--view-line elementor-widget elementor-widget-divider\" data-id=\"a511a59\" data-element_type=\"widget\" data-e-type=\"widget\" data-widget_type=\"divider.default\">\n\t\t\t\t<div class=\"elementor-widget-container\">\n\t\t\t\t\t\t\t<div class=\"elementor-divider\">\n\t\t\t<span class=\"elementor-divider-separator\">\n\t\t\t\t\t\t<\/span>\n\t\t<\/div>\n\t\t\t\t\t\t<\/div>\n\t\t\t\t<\/div>\n\t\t\t\t<div class=\"elementor-element elementor-element-e48eb4f elementor-widget-divider--view-line elementor-widget elementor-widget-divider\" data-id=\"e48eb4f\" data-element_type=\"widget\" data-e-type=\"widget\" data-widget_type=\"divider.default\">\n\t\t\t\t<div class=\"elementor-widget-container\">\n\t\t\t\t\t\t\t<div class=\"elementor-divider\">\n\t\t\t<span class=\"elementor-divider-separator\">\n\t\t\t\t\t\t<\/span>\n\t\t<\/div>\n\t\t\t\t\t\t<\/div>\n\t\t\t\t<\/div>\n\t\t\t\t<div class=\"elementor-element elementor-element-6c5f5c5 elementor-widget elementor-widget-shortcode\" data-id=\"6c5f5c5\" data-element_type=\"widget\" data-e-type=\"widget\" data-widget_type=\"shortcode.default\">\n\t\t\t\t<div class=\"elementor-widget-container\">\n\t\t\t\t\t\t\t<div class=\"elementor-shortcode\">\n<table id=\"tablepress-ThingstodoinPittsburgh\" class=\"tablepress tablepress-id-ThingstodoinPittsburgh\">\n<thead>\n<tr class=\"row-1\">\n\t<th class=\"column-1\">Nombre<\/th><th class=\"column-2\">Ubicaci\u00f3n<\/th><th class=\"column-3\">Direcci\u00f3n<\/th><th class=\"column-4\">P\u00e1gina de internet<\/th><th class=\"column-5\">Descripci\u00f3n<\/th>\n<\/tr>\n<\/thead>\n<tbody class=\"row-striping row-hover\">\n<tr class=\"row-2\">\n\t<td class=\"column-1\">Visit Pittsburgh <\/td><td class=\"column-2\">Downtown <\/td><td class=\"column-3\">120 Fifth Ave, Fifth Avenue Place Suite 2800, Pittsburgh, PA 15222<\/td><td class=\"column-4\"><a href=\"https:\/\/www.visitpittsburgh.com\/\">P\u00e1gina de internet<\/a><\/td><td class=\"column-5\">Una organizaci\u00f3n sin \u00e1nimo de lucro dedicada a generar negocios de convenciones, ferias comerciales y viajes de ocio para la regi\u00f3n de Pittsburgh.<\/td>\n<\/tr>\n<tr class=\"row-3\">\n\t<td class=\"column-1\">Phipps Conservatory and Botanical Gardens<\/td><td class=\"column-2\">Oakland<\/td><td class=\"column-3\">1 Schenley Drive, Pittsburgh, PA 15213<\/td><td class=\"column-4\"><a href=\"https:\/\/www.phipps.conservatory.org\/\">P\u00e1gina de internet<\/a><\/td><td class=\"column-5\">Situado en Schenley Park, este invernadero victoriano exhibe bellas exposiciones florales y jardines tem\u00e1ticos. Es una escapada tranquila con plantas ex\u00f3ticas, exposiciones florales estacionales y pr\u00e1cticas de jardiner\u00eda sostenible.<\/td>\n<\/tr>\n<tr class=\"row-4\">\n\t<td class=\"column-1\">The Cathedral of Learning<\/td><td class=\"column-2\">Oakland <\/td><td class=\"column-3\">4200 Fifth Avenue, Pittsburgh, PA 15213<\/td><td class=\"column-4\"><a href=\"https:\/\/www.tour.pitt.edu\/tour\/cathedral-learning\">P\u00e1gina de internet<\/a><\/td><td class=\"column-5\">Un rascacielos de 42 plantas de estilo g\u00f3tico en la Universidad de Pittsburgh, que ofrece magn\u00edficas vistas y salas de nacionalidades dise\u00f1adas para reflejar las culturas de varios pa\u00edses. <\/td>\n<\/tr>\n<tr class=\"row-5\">\n\t<td class=\"column-1\">The Dusquesne Incline<\/td><td class=\"column-2\">South Shore<\/td><td class=\"column-3\">1197 West Carson Street, Pittsburgh, PA 15219<\/td><td class=\"column-4\"><a href=\"https:\/\/www.duquesneincline.org\/\">P\u00e1gina de internet<\/a><\/td><td class=\"column-5\">Este telef\u00e9rico hist\u00f3rico ofrece un paseo panor\u00e1mico por el monte Washington, desde el que se contemplan unas vistas impresionantes del horizonte y los r\u00edos de Pittsburgh. <\/td>\n<\/tr>\n<tr class=\"row-6\">\n\t<td class=\"column-1\">Carnegie Museum of Natural History<\/td><td class=\"column-2\">Oakland<\/td><td class=\"column-3\">4400 Forbes Ave, Pittsburgh, PA 15213<\/td><td class=\"column-4\"><a href=\"https:\/\/carnegiemnh.org\/\">P\u00e1gina de internet<\/a><\/td><td class=\"column-5\">Este museo, famoso por su amplia exposici\u00f3n de dinosaurios, tambi\u00e9n exhibe minerales, joyas y artefactos de antiguas civilizaciones.<\/td>\n<\/tr>\n<tr class=\"row-7\">\n\t<td class=\"column-1\">Carnegie Science Center<\/td><td class=\"column-2\">North Shore<\/td><td class=\"column-3\">1 Allegheny Ave, Pittsburgh, PA 15212<\/td><td class=\"column-4\"><a href=\"http:\/\/www.carnegiesciencecenter.org\/\">P\u00e1gina de internet<\/a><\/td><td class=\"column-5\">Museo interactivo que ofrece exposiciones pr\u00e1cticas, un planetario, un cine OMNIMAX y un aut\u00e9ntico submarino de la Guerra Fr\u00eda.<\/td>\n<\/tr>\n<tr class=\"row-8\">\n\t<td class=\"column-1\">Mount Washington<\/td><td class=\"column-2\">South Shore<\/td><td class=\"column-3\">136-160 Grandview Ave, Pittsburgh, PA 15211<\/td><td class=\"column-4\"><a href=\"https:\/\/www.visitpittsburgh.com\/neighborhoods\/mt-washington\/\">P\u00e1gina de internet<\/a><\/td><td class=\"column-5\">Conocido por sus vistas panor\u00e1micas del horizonte de Pittsburgh, este barrio situado en lo alto de una colina cuenta con varios miradores, restaurantes de alta cocina e hist\u00f3ricas laderas.<\/td>\n<\/tr>\n<tr class=\"row-9\">\n\t<td class=\"column-1\">Point State Park<\/td><td class=\"column-2\">Downtown <\/td><td class=\"column-3\">601 Commonwealth Pl, Pittsburgh, PA 15222<\/td><td class=\"column-4\"><a href=\"http:\/\/www.dcnr.state.pa.us\/stateparks\/findapark\/point\/\">P\u00e1gina de internet<\/a><\/td><td class=\"column-5\">Situado en la confluencia de los tres r\u00edos de Pittsburgh, este parque cuenta con una gran fuente, zonas verdes y marcadores hist\u00f3ricos. <\/td>\n<\/tr>\n<tr class=\"row-10\">\n\t<td class=\"column-1\">Andy Warhol Museum<\/td><td class=\"column-2\">North Shore<\/td><td class=\"column-3\">117 Sandusky St, Pittsburgh, PA 15212<\/td><td class=\"column-4\"><a href=\"http:\/\/www.warhol.org\/\">P\u00e1gina de internet<\/a><\/td><td class=\"column-5\"> Dedicado a la vida y obra del pittsburgh\u00e9s Andy Warhol, este museo exhibe una amplia colecci\u00f3n de su arte, pel\u00edculas y objetos personales. <\/td>\n<\/tr>\n<tr class=\"row-11\">\n\t<td class=\"column-1\">Carnegie Museum of Art<\/td><td class=\"column-2\">Oakland<\/td><td class=\"column-3\">4400 Forbes Ave, Pittsburgh, PA 15213<\/td><td class=\"column-4\"><a href=\"https:\/\/carnegieart.org\/\">P\u00e1gina de internet<\/a><\/td><td class=\"column-5\">Este museo alberga una variada colecci\u00f3n de arte contempor\u00e1neo y cl\u00e1sico, que incluye pinturas, esculturas y artes decorativas. <\/td>\n<\/tr>\n<tr class=\"row-12\">\n\t<td class=\"column-1\">Heinz History Center<\/td><td class=\"column-2\">Strip District<\/td><td class=\"column-3\">1212 Smallman St, Pittsburgh, PA 15222<\/td><td class=\"column-4\"><a href=\"http:\/\/www.heinzhistorycenter.org\/\">P\u00e1gina de internet<\/a><\/td><td class=\"column-5\">Este museo afiliado al Smithsonian ofrece exhibiciones sobre la historia del oeste de Pensilvania, desde la Guerra Franco-Ind\u00edgena hasta la \u00e9poca moderna.<\/td>\n<\/tr>\n<tr class=\"row-13\">\n\t<td class=\"column-1\">Randyland<\/td><td class=\"column-2\">Old Allegheny Rows Historic District<\/td><td class=\"column-3\">1501 Arch St, Pittsburgh, PA 15212<\/td><td class=\"column-4\"><a href=\"https:\/\/randyland.club\/<br \/>\">P\u00e1gina de internet<\/a><\/td><td class=\"column-5\">Museo de arte al aire libre creado por el artista local Randy Gilson.<\/td>\n<\/tr>\n<tr class=\"row-14\">\n\t<td class=\"column-1\">Fallingwater<\/td><td class=\"column-2\">Stewart<\/td><td class=\"column-3\">1491 Mill Run Rd, Mill Run, PA 15464<\/td><td class=\"column-4\"><a href=\"https:\/\/fallingwater.org\/\">P\u00e1gina de internet<\/a><\/td><td class=\"column-5\">Dise\u00f1ada por Frank Lloyd Wright, esta emblem\u00e1tica casa est\u00e1 construida sobre una cascada. Est\u00e1 catalogada como monumento hist\u00f3rico nacional. <\/td>\n<\/tr>\n<tr class=\"row-15\">\n\t<td class=\"column-1\">Carrie Furnaces<\/td><td class=\"column-2\">Swissvale<\/td><td class=\"column-3\">801 Carrie Furnace Blvd, Pittsburgh, PA 15218<\/td><td class=\"column-4\"><a href=\"https:\/\/riversofsteel.com\/attractions\/carrie-furnaces\/\">P\u00e1gina de internet<\/a><\/td><td class=\"column-5\">Estos antiguos altos hornos son un vestigio de la industria sider\u00fargica de Pittsburgh. Convertidos en monumento hist\u00f3rico nacional, ofrecen visitas guiadas que profundizan en el patrimonio industrial y el proceso de fabricaci\u00f3n del acero.<\/td>\n<\/tr>\n<tr class=\"row-16\">\n\t<td class=\"column-1\">Kennywood<\/td><td class=\"column-2\">West Mifflin<\/td><td class=\"column-3\">4800 Kennywood Blvd, West Mifflin, PA 15122<\/td><td class=\"column-4\"><a href=\"https:\/\/www.kennywood.com\/?utm_source=google&#038;utm_medium=OrganicGMB&#038;utm_id=GMBtraffic\">P\u00e1gina de internet<\/a><\/td><td class=\"column-5\">Un parque de atracciones hist\u00f3rico con una mezcla de monta\u00f1as rusas cl\u00e1sicas de madera y atracciones modernas. <\/td>\n<\/tr>\n<tr class=\"row-17\">\n\t<td class=\"column-1\">Three Rivers Heritage Trail<\/td><td class=\"column-2\">Multiple<\/td><td class=\"column-3\"><\/td><td class=\"column-4\"><a href=\"https:\/\/friendsoftheriverfront.org\/homepage\/three-rivers-heritage-trail\/\">P\u00e1gina de internet<\/a><\/td><td class=\"column-5\">Un pintoresco sistema de senderos urbanos a lo largo de la ribera de Pittsburgh, que ofrece caminos para caminar, montar en bicicleta y correr. <\/td>\n<\/tr>\n<\/tbody>\n<\/table>\n<!-- #tablepress-ThingstodoinPittsburgh from cache --><\/div>\n\t\t\t\t\t\t<\/div>\n\t\t\t\t<\/div>\n\t\t\t\t\t<\/div>\n\t\t<\/div>\n\t\t\t\t\t<\/div>\n\t\t<\/section>\n\t\t\t\t<\/div>","protected":false},"excerpt":{"rendered":"<p>Things to do in Pittsburgh Things to do in Pittsburgh<\/p>","protected":false},"author":1,"featured_media":0,"parent":0,"menu_order":0,"comment_status":"closed","ping_status":"closed","template":"elementor_canvas","meta":{"footnotes":""},"class_list":["post-1054","page","type-page","status-publish","hentry"],"_links":{"self":[{"href":"https:\/\/latinos-pittsburgh.com\/es\/wp-json\/wp\/v2\/pages\/1054","targetHints":{"allow":["GET"]}}],"collection":[{"href":"https:\/\/latinos-pittsburgh.com\/es\/wp-json\/wp\/v2\/pages"}],"about":[{"href":"https:\/\/latinos-pittsburgh.com\/es\/wp-json\/wp\/v2\/types\/page"}],"author":[{"embeddable":true,"href":"https:\/\/latinos-pittsburgh.com\/es\/wp-json\/wp\/v2\/users\/1"}],"replies":[{"embeddable":true,"href":"https:\/\/latinos-pittsburgh.com\/es\/wp-json\/wp\/v2\/comments?post=1054"}],"version-history":[{"count":13,"href":"https:\/\/latinos-pittsburgh.com\/es\/wp-json\/wp\/v2\/pages\/1054\/revisions"}],"predecessor-version":[{"id":1325,"href":"https:\/\/latinos-pittsburgh.com\/es\/wp-json\/wp\/v2\/pages\/1054\/revisions\/1325"}],"wp:attachment":[{"href":"https:\/\/latinos-pittsburgh.com\/es\/wp-json\/wp\/v2\/media?parent=1054"}],"curies":[{"name":"wp","href":"https:\/\/api.w.org\/{rel}","templated":true}]}}