{"id":1048,"date":"2025-01-14T23:53:47","date_gmt":"2025-01-14T23:53:47","guid":{"rendered":"https:\/\/latinos-pittsburgh.com\/?page_id=1048"},"modified":"2025-01-23T23:43:32","modified_gmt":"2025-01-23T23:43:32","slug":"how-to-help-and-get-help","status":"publish","type":"page","link":"https:\/\/latinos-pittsburgh.com\/es\/how-to-help-and-get-help\/","title":{"rendered":"C\u00f3mo ayudar y recibir ayuda"},"content":{"rendered":"<div data-elementor-type=\"wp-page\" data-elementor-id=\"1048\" class=\"elementor elementor-1048\">\n\t\t\t\t\t\t<section class=\"elementor-section elementor-top-section elementor-element elementor-element-b367c58 elementor-section-boxed elementor-section-height-default elementor-section-height-default wpr-particle-no wpr-jarallax-no wpr-parallax-no wpr-sticky-section-no wpr-equal-height-no\" data-id=\"b367c58\" data-element_type=\"section\" data-e-type=\"section\" data-settings=\"{&quot;background_background&quot;:&quot;classic&quot;}\">\n\t\t\t\t\t\t\t<div class=\"elementor-background-overlay\"><\/div>\n\t\t\t\t\t\t\t<div class=\"elementor-container elementor-column-gap-default\">\n\t\t\t\t\t<div class=\"elementor-column elementor-col-100 elementor-top-column elementor-element elementor-element-112f10b\" data-id=\"112f10b\" data-element_type=\"column\" data-e-type=\"column\">\n\t\t\t<div class=\"elementor-widget-wrap elementor-element-populated\">\n\t\t\t\t\t\t<div class=\"elementor-element elementor-element-96b0967 elementor-widget elementor-widget-heading\" data-id=\"96b0967\" data-element_type=\"widget\" data-e-type=\"widget\" data-widget_type=\"heading.default\">\n\t\t\t\t<div class=\"elementor-widget-container\">\n\t\t\t\t\t<h2 class=\"elementor-heading-title elementor-size-default\">C\u00f3mo ayudar y recibir ayuda<\/h2>\t\t\t\t<\/div>\n\t\t\t\t<\/div>\n\t\t\t\t\t<\/div>\n\t\t<\/div>\n\t\t\t\t\t<\/div>\n\t\t<\/section>\n\t\t\t\t<section class=\"elementor-section elementor-top-section elementor-element elementor-element-9f23217 elementor-section-full_width elementor-section-height-default elementor-section-height-default wpr-particle-no wpr-jarallax-no wpr-parallax-no wpr-sticky-section-no wpr-equal-height-no\" data-id=\"9f23217\" data-element_type=\"section\" data-e-type=\"section\">\n\t\t\t\t\t\t<div class=\"elementor-container elementor-column-gap-wide\">\n\t\t\t\t\t<div class=\"elementor-column elementor-col-100 elementor-top-column elementor-element elementor-element-d5f5746\" data-id=\"d5f5746\" data-element_type=\"column\" data-e-type=\"column\">\n\t\t\t<div class=\"elementor-widget-wrap elementor-element-populated\">\n\t\t\t\t\t\t<div class=\"elementor-element elementor-element-7f29dc6 elementor-widget elementor-widget-heading\" data-id=\"7f29dc6\" data-element_type=\"widget\" data-e-type=\"widget\" data-widget_type=\"heading.default\">\n\t\t\t\t<div class=\"elementor-widget-container\">\n\t\t\t\t\t<h2 class=\"elementor-heading-title elementor-size-default\">\u00bfC\u00f3mo puedo obtener ayuda?<\/h2>\t\t\t\t<\/div>\n\t\t\t\t<\/div>\n\t\t\t\t<div class=\"elementor-element elementor-element-a19ee01 elementor-widget-divider--view-line elementor-widget elementor-widget-divider\" data-id=\"a19ee01\" data-element_type=\"widget\" data-e-type=\"widget\" data-widget_type=\"divider.default\">\n\t\t\t\t<div class=\"elementor-widget-container\">\n\t\t\t\t\t\t\t<div class=\"elementor-divider\">\n\t\t\t<span class=\"elementor-divider-separator\">\n\t\t\t\t\t\t<\/span>\n\t\t<\/div>\n\t\t\t\t\t\t<\/div>\n\t\t\t\t<\/div>\n\t\t\t\t<div class=\"elementor-element elementor-element-2a26bde elementor-widget-divider--view-line elementor-widget elementor-widget-divider\" data-id=\"2a26bde\" data-element_type=\"widget\" data-e-type=\"widget\" data-widget_type=\"divider.default\">\n\t\t\t\t<div class=\"elementor-widget-container\">\n\t\t\t\t\t\t\t<div class=\"elementor-divider\">\n\t\t\t<span class=\"elementor-divider-separator\">\n\t\t\t\t\t\t<\/span>\n\t\t<\/div>\n\t\t\t\t\t\t<\/div>\n\t\t\t\t<\/div>\n\t\t\t\t<div class=\"elementor-element elementor-element-a0a7765 elementor-widget elementor-widget-shortcode\" data-id=\"a0a7765\" data-element_type=\"widget\" data-e-type=\"widget\" data-widget_type=\"shortcode.default\">\n\t\t\t\t<div class=\"elementor-widget-container\">\n\t\t\t\t\t\t\t<div class=\"elementor-shortcode\">\n<table id=\"tablepress-HowcanIgethelp\" class=\"tablepress tablepress-id-HowcanIgethelp\">\n<thead>\n<tr class=\"row-1\">\n\t<th class=\"column-1\">Situaci\u00f3n<\/th><th class=\"column-2\">Organizaciones<\/th>\n<\/tr>\n<\/thead>\n<tbody class=\"row-striping row-hover\">\n<tr class=\"row-2\">\n\t<td class=\"column-1\"><b>Tengo una urgencia sanitaria y no tengo seguro<\/b><\/td><td class=\"column-2\">Puedes llamar a <b>Casa San Jos\u00e9<\/b> (https:\/\/www.casasanjose.org\/), que tiene una lista de proveedores m\u00e9dicos. Tambi\u00e9n puedes buscar cl\u00ednicas gratuitas o de bajo costo en tu \u00e1rea en https:\/\/www.freeclinicspa.org\/. <\/b>UMPC<\/b> (https:\/\/www.upmc.com\/locations\/community) tambi\u00e9n ofrece centros de salud comunitarios que brindan atenci\u00f3n con una escala de tarifas variables seg\u00fan los ingresos.<\/td>\n<\/tr>\n<tr class=\"row-3\">\n\t<td class=\"column-1\"><b>Me para la polic\u00eda y no tengo papeles<\/b><\/td><td class=\"column-2\">Tienes derecho a permanecer en silencio y no tienes por qu\u00e9 responder a preguntas sobre tu situaci\u00f3n migratoria. Nunca presentes documentos falsos ni mientas sobre tu situaci\u00f3n. Recuerda que tienes derecho a representaci\u00f3n legal, as\u00ed que puedes decir educadamente: \"Quiero hablar con un abogado\". Ten guardado en tu tel\u00e9fono o anotado el n\u00famero de tel\u00e9fono de un abogado u organizaci\u00f3n de inmigraci\u00f3n de confianza en caso de emergencia. Algunos recursos: la p\u00e1gina Conoce tus derechos de la <b>ACLU<\/b> ofrece orientaci\u00f3n detallada para diversas situaciones, incluidos los encuentros con las fuerzas de seguridad (https:\/\/www.aclu.org\/know-your-rights\/stopped-by-police). Considera la posibilidad de llamar al n\u00famero de emergencia de la <b>Casa San Jos\u00e9<\/b> (412-736-7167) y a los recursos que ofrece el <b>National Immigration Law Center<\/b> (NILC, https:\/\/www.nilc.org\/).<\/td>\n<\/tr>\n<tr class=\"row-4\">\n\t<td class=\"column-1\"><b>Soy testigo de o sufro abusos sexuales<\/b><\/td><td class=\"column-2\">Puedes ponerte en contacto con <b>Rape, Abuse &amp; Incest National Network<\/b>(RAINN, https:\/\/www.rainn.org\/) para obtener apoyo y asesoramiento. Tambi\u00e9n puedes llamar al 412-521-1737, el n\u00famero del departamento de Servicios Jur\u00eddicos para Inmigrantes e Internacionales del <b>Jewish Family and Children\u2019s Services of Pittsburgh<\/b> (https:\/\/www.jfcspgh.org\/). Tambi\u00e9n puedes ponerte en contacto con <b>Pittsburgh Action Against Rape<\/b> (PAAR, https:\/\/paar.net\/).<\/td>\n<\/tr>\n<tr class=\"row-5\">\n\t<td class=\"column-1\"><b>Veo o experimento violencia<\/b><\/td><td class=\"column-2\">Busca apoyo. En caso de peligro inmediato, llama al 911. Para obtener ayuda, comun\u00edcate con la <b>National Domestic Violence Hotline<\/b> (1-800-799-7233, https:\/\/www.thehotline.org\/), la <b>Rape, Abuse &amp; Incest National Network<\/b> (RAINN, 1-800-656-4673, https:\/\/www.rainn.org\/), y el <b>Jewish Family and Children\u2019s Services of Pittsburgh<\/b> (https:\/\/www.jfcspgh.org\/). Si no puedes hablar por tel\u00e9fono, puedes enviar un mensaje de texto con la palabra \u201cSTART\u201d al 88788 para conectarte con la <b>National Domestic Violence Hotline<\/b>Considera comunicarte con <b>Women\u2019s Center &amp; Shelter of Greater Pittsburgh<\/b> para obtener ayuda adicional.<\/td>\n<\/tr>\n<tr class=\"row-6\">\n\t<td class=\"column-1\"><b>Tengo problemas de salud mental<\/b><\/td><td class=\"column-2\">Si se trata de una crisis, busca ayuda inmediata a trav\u00e9s de los <b>Crisis Services<\/b> (1-888-796-8226), que est\u00e1n disponibles las 24 horas, los 7 d\u00edas de la semana en el condado de Allegheny. Tambi\u00e9n puede acceder al sitio de <b>AHN<\/b> (https:\/\/www.ahn.org\/services\/psychiatry-mental-health\/patient-resources) para averiguar sobre recursos disponibles en tu \u00e1rea, incluyendo el acceso a m\u00e9dicos.<\/td>\n<\/tr>\n<tr class=\"row-7\">\n\t<td class=\"column-1\"><b>Tengo problemas econ\u00f3micos de manera s\u00fabita<\/b><\/td><td class=\"column-2\"><b>YWCA of Greater Pittsburgh<\/b> ofrece referencias a servicios legales, asistencia financiera y apoyo personalizado para personas que experimentan dificultades econ\u00f3micas repentinas debido a situaciones que cambian sus vidas. <b>Free Store 15104<\/b> (https:\/\/www.freestore15104.org\/) est\u00e1 ubicada en Braddock, Pensilvania, y ayuda a los residentes cercanos proporcion\u00e1ndoles comida y ropa gratis. <\/td>\n<\/tr>\n<tr class=\"row-8\">\n\t<td class=\"column-1\"><b>Me qued\u00e9 sin hogar<\/b><\/td><td class=\"column-2\">Existen varios refugios para personas sin hogar, como <b>Light of Life Rescue Mission<\/b> (https:\/\/www.lightoflife.org\/), <b>Pleasant Valley Emergency Shelter<\/b> (https:\/\/www.ncmin.org\/pleasant-valley-mens-shelter\/), <b>Womanspace East<\/b> (https:\/\/www.wseinc.org\/), <b>Community Human Services<\/b> (https:\/\/www.chscorp.org\/), y <b>Mary's Place<\/b> (https:\/\/www.marysplacepgh.org). Adem\u00e1s, para obtener recursos \u00fatiles, comun\u00edquese con organizaciones como <b>Casa San Jos\u00e9<\/b> (www.casosanjose.org) y el <b>Latino Community Center<\/b> (https:\/\/www.latinocommunitycenter.org\/).<\/td>\n<\/tr>\n<tr class=\"row-9\">\n\t<td class=\"column-1\"><b>Me desahuciaron<\/b><\/td><td class=\"column-2\">Comun\u00edquese con <b>Neighborhood Legal Services<\/b> (https:\/\/nlsa.us\/) para obtener ayuda con los desalojos. Tambi\u00e9n puedes buscar opciones de alojamiento temporal a trav\u00e9s de refugios como los mencionados en la pregunta anterior.<\/td>\n<\/tr>\n<tr class=\"row-10\">\n\t<td class=\"column-1\"><b>Atropell\u00e9 a alguien en un accidente de tr\u00e1fico<\/b><\/td><td class=\"column-2\">Llame a la polic\u00eda para informar el accidente (911) e intercambie informaci\u00f3n de contacto y de seguro con el otro conductor. Si es necesario, comun\u00edquese con un abogado para obtener asistencia legal (puede buscar nombres en https:\/\/lawyers.findlaw.com\/pennsylvania\/pittsburgh\/, https:\/\/www.bestlawyers.com\/united-states\/pennsylvania\/pittsburgh, https: \/\/lawyers.law.cornell.edu\/lawyers\/pennsylvania\/pittsburgh).<\/td>\n<\/tr>\n<tr class=\"row-11\">\n\t<td class=\"column-1\"><b>Necesito un trabajo<\/b><\/td><td class=\"column-2\">Puedes visitar un centro de empleos como <b>PA CareerLink Pittsburgh<\/b> (https:\/\/careerlinkpittsburgh.org\/) para obtener ayuda con la b\u00fasqueda y las solicitudes de empleo. Puede utilizar bolsas de trabajo en l\u00ednea como <b>Indeed<\/b> (https:\/\/www.indeed.com\/), <b>LinkedIn<\/b> (https:\/\/www.linkedin.com\/feed\/), y <b>Zip Recruiter<\/b> (https:\/\/www.ziprecruiter. com\/Jobs\/-in-Pittsburgh,PA). Tambi\u00e9n puedes acceder a los <b>Allegheny County Services for Immigrants and Internationals,<\/b> que listan muchos recursos donde puede encontrar trabajo (https:\/\/www.alleghenycounty.us\/Services\/Immigrants-and-Internationals\/Services-for-Immigrants-and-Internationals).<\/td>\n<\/tr>\n<tr class=\"row-12\">\n\t<td class=\"column-1\"><b>Necesito enviar dinero al extranjero<\/b><\/td><td class=\"column-2\">Puedes utilizar servicios de transferencia de dinero en l\u00ednea que suelen ser r\u00e1pidos y cobran tarifas bajas, como <b>Wise<\/b> (https:\/\/wise.com\/),  <b>PayPal<\/b> (https:\/\/www.paypal.com\/us\/home), <b>Xoom<\/b> (https:\/\/www.xoom.com), <b>Remitly<\/b> (https:\/\/www.remitly.com), <b>Western Union<\/b> (https:\/\/www.westernunion.com), <b>MoneyGram<\/b> (https:\/\/www.moneygram.com\/), y <b>Revolut<\/b> (https:\/\/www.revolut.com\/). Para efectivo o transferencias urgentes, puedes utilizar servicios presenciales como <b>Western Union<\/b> y <b>MoneyGram<\/b>Otras opciones son las transferencias bancarias, aunque son caras y llevan m\u00e1s tiempo, o acudir a un <b>USPS<\/b> (https:\/\/www.usps.com\/) y utilizar giros postales.<\/td>\n<\/tr>\n<tr class=\"row-13\">\n\t<td class=\"column-1\"><b>Necesito una vivienda<\/b><\/td><td class=\"column-2\">En primer lugar, ten mucho cuidado con las estafas: verifica la legitimidad de los anuncios de alquiler y evita pagar antes de visitar la propiedad. Busca programas de vivienda asequible a trav\u00e9s de la <b>Housing Authority of the City of Pittsburgh<\/b> (https:\/\/hacp.org\/). Tambi\u00e9n puedes buscar en plataformas como https:\/\/www.zillow.com\/, https:\/\/www.apartments.com o https:\/\/pittsburgh.craigslist.org\/, y en  grupos de Facebook, como https:\/\/www.facebook.com\/groups\/214878512490890\/. Asimismo, puedes encontrar ayuda en organizaciones locales sin fines de lucro, como <b>Action Housing<\/b> (https:\/\/actionhousing.org\/), y <b>Catholic Charities of Pittsburgh<\/b> (https:\/\/www.ccpgh.org\/).<\/td>\n<\/tr>\n<tr class=\"row-14\">\n\t<td class=\"column-1\"><b>Necesito un autom\u00f3vil<\/b><\/td><td class=\"column-2\">Se pueden utilizar numerosos sitios web para comprar autom\u00f3viles usados \u200b\u200ba precios accesibles. La lista incluye <b>CarGurus<\/b> (www.cargurus.com), <b>AutoTrader<\/b> (www.autotrader.com), <b>Cars.com<\/b> (www.cars.com), <b>Carvana<\/b> (www.carvana.com), <b>Vroom<\/b> (www.vroom.com), <b>TrueCar<\/b> (www.truecar.com), <b>eBay Motors<\/b> (www.ebay.com\/motors), <b>Craigslist<\/b> (www.craigslist.org), y <b>Facebook Marketplace<\/b> (www.facebook.com\/marketplace). Te recomiendo que tengas cuidado al tratar con vendedores individuales, ya que algunos anuncios en Facebook y Craigslist son estafas. Al comprar un autom\u00f3vil usado, considera obtener un informe del historial del veh\u00edculo de servicios como <b>Carfax<\/b> (https:\/\/www.carfax.com\/) o <b>Autocheck<\/b> (https:\/\/www.autocheck.com\/), que pueden proporcionar informaci\u00f3n relevante sobre el la historia del auto.<\/td>\n<\/tr>\n<tr class=\"row-15\">\n\t<td class=\"column-1\"><b>Quiero aprender ingl\u00e9s de manera gratuita<\/b><\/td><td class=\"column-2\">Si eres estudiante, puedes ir a <b>Literacy Pittsburgh<\/b> (https:\/\/www.literacypittsburgh.org\/free-english-classes\/) para obtener clases de ingl\u00e9s gratuitas. Si no eres estudiante, puedes visitar el sitio de <b>Goodwill of Southwestern PA's<\/b> (https:\/\/www.goodwillswpa.org\/life-changing-services\/education-and-training\/esl-classes\/ ). Las <b>Carnegie Libraries<\/b> (https:\/\/www.carnegielibrary.org\/research-overview\/for-language-learners\/language-learning-materials-and-online-programs\/) tambi\u00e9n ofrecen clases de ingl\u00e9s, libros y otros recursos gratuitos.<\/td>\n<\/tr>\n<tr class=\"row-16\">\n\t<td class=\"column-1\"><b>Quiero aprender espa\u00f1ol de manera gratuita<\/b><\/td><td class=\"column-2\">La <b>Carnegie Library of Pittsburgh<\/b> (https:\/\/www.carnegielibrary.org\/research-overview\/for-language-learners\/?utm_source=chatgpt.com) ofrece diversos materiales para el aprendizaje de idiomas, incluidos libros, cursos de audio y recursos en l\u00ednea. Con una tarjeta de la biblioteca, puedes acceder a estos materiales de forma gratuita. Tambi\u00e9n hay algunas clases de espa\u00f1ol en l\u00ednea gratuitas con hablantes nativos en <b>Meetup<\/b> (https:\/\/www.meetup.com\/learn-spanish-in-pittsburgh) y <b>Tandem<\/b> (https:\/\/tandem.net\/language-exchange\/united-states\/pittsburgh). Asimismo, existen plataformas gratuitas, incluidas <b>Duolingo<\/b> (https:\/\/www.duolingo.com\/), <b>Coursera<\/b> (https:\/\/www.coursera.org), y edx (https:\/\/www.edx.org\/).<\/td>\n<\/tr>\n<tr class=\"row-17\">\n\t<td class=\"column-1\"><b>No tengo suficiente dinero para comer<\/b><\/td><td class=\"column-2\">Anda al <b>Greater Pittsburgh Community Food Bank<\/b> (https:\/\/pittsburghfoodbank.org\/find-food\/get-help\/) para encontrar un banco de alimentos cerca tuyo. Tambi\u00e9n puedes buscar organizaciones comunitarias que ofrecen comidas gratuitas, como <b>Jubilee Soup Kitchen<\/b> (https:\/\/jubileekitchen.org\/get-help\/).<\/td>\n<\/tr>\n<tr class=\"row-18\">\n\t<td class=\"column-1\"><b>No tengo suficiente ropa para el invierno<\/b><\/td><td class=\"column-2\">Comun\u00edcate con organizaciones ben\u00e9ficas e iglesias locales para obtener ayuda con la ropa, como <b>Catholic Charities of Pittsburgh<\/b> (https:\/\/www.ccpgh.org\/services\/basic-needs-assistance), <b>Free Store Braddock<\/b> (420 Braddock Ave., Braddock. freestore15104.org), <b>Free Store Wilkinsburg<\/b> (619 Penn Ave., Wilkinsburg. freestorewilkinsburg.org ), y <b>South Hills Interfaith Movement<\/b> (5301 Park Ave., Bethel Park, PA 15102).<\/td>\n<\/tr>\n<tr class=\"row-19\">\n\t<td class=\"column-1\"><b>\u00bfD\u00f3nde puedo encontrar ropa barata? <\/b><\/td><td class=\"column-2\">En Pittsburgh hay varias tiendas de segunda mano que ofrecen opciones baratas y de segunda mano de excelente calidad. Entre ellas se incluyen <b>Red, White &amp; Blue Thrift Store<\/b> (https:\/\/redwhiteandbluethriftstore.com\/, con locales en 935 Ohio River Blvd, Pittsburgh, PA 15202 y 890 Saw Mill Run Blvd, Pittsburgh, PA 15226), <b>Goodwill Stores<\/b> (https:\/\/www.goodwillswpa.org\/, varias sedes), <b>Avalon Exchange<\/b> (https:\/\/avalonexchange.com\/, 5858 Forbes Ave, Pittsburgh, PA 15217), <b>Thriftique<\/b> (https:\/\/www.ncjwpgh.org\/thriftique, 125 51st St, Pittsburgh, PA 15201), <b>St. Vincent de Paul Thrift Stores<\/b> (https:\/\/svdppitt.org\/stores\/store-locations-directions\/, varias sedes), y <b>Buffalo Exchange<\/b> (www.buffaloexchange.com, 1214 E Carson St, Pittsburgh, PA 15203). <\/td>\n<\/tr>\n<tr class=\"row-20\">\n\t<td class=\"column-1\"><b>\u00bfD\u00f3nde puedo acceder a actividades educativas y divertidas de forma gratuita?<\/b><\/td><td class=\"column-2\">Las bibliotecas de Pittsburgh ofrecen actividades educativas y recreativas gratuitas para todas las edades, incluyendo programas de lectura, lecciones de idiomas, talleres de ciencia, STEM y codificaci\u00f3n, artes y manualidades, proyecciones de pel\u00edculas, clubes de lectura y apoyo acad\u00e9mico gratuito para estudiantes. Le sugiero que consulte la <b>Carnegie Library of Pittsburgh<\/b> (https:\/\/www.carnegielibrary.org\/), especialmente la sucursal principal en 4400 Forbes Ave, Pittsburgh, PA 15213, y tambi\u00e9n la <b>Sewickley Public Library<\/b> (https:\/\/sewickleylibrary.org\/, 500 Thorn St, Sewickley, PA 15143), <b>la Cooper-Siegel Community Library<\/b> (https:\/\/www.coopersiegelcommunitylibrary.org\/, 403 Fox Chapel Rd, Pittsburgh, PA 15238), <b>la Monroeville Public Library<\/b> (https:\/\/www.monroevillelibrary.org\/, 4000 Gateway Campus Blvd, Monroeville, PA 15146), <b>la Bethel Park Public Library<\/b> (https:\/\/www.bethelparklibrary.org\/, 5100 W Library Ave, Bethel Park, PA 15102), y la <b>C.C. Mellor Memorial Library<\/b> (https:\/\/ccmellorlibrary.org\/, 1 Pennwood Ave, Pittsburgh, PA 15218). <\/td>\n<\/tr>\n<tr class=\"row-21\">\n\t<td class=\"column-1\"><b>\u00bfExiste un servicio gratuito que me ayude a pagar mis impuestos?<\/b><\/td><td class=\"column-2\">Algunas bibliotecas en Pittsburgh ofrecen asistencia tributaria gratuita, especialmente durante la temporada de impuestos (de enero a abril). Te sugiero que consultes <b>Carnegie Library of Pittsburgh<\/b> (https:\/\/www.carnegielibrary.org\/, varias sedes), <b>Allegheny County Library Association<\/b> (https:\/\/aclalibraries.org\/, varias sedes), y la <b>la Cooper-Siegel Community Library<\/b> Te sugiero que consultes sus sitios o llames con anticipaci\u00f3n para confirmar la disponibilidad y programar una cita. La <b>Asistencia Voluntaria para la Declaraci\u00f3n de Impuestos (VITA)<\/b> y <b>de Ayuda Tributaria de AARP<\/b> brindan ayuda gratuita a las personas elegibles.<\/td>\n<\/tr>\n<\/tbody>\n<\/table>\n<\/div>\n\t\t\t\t\t\t<\/div>\n\t\t\t\t<\/div>\n\t\t\t\t\t<\/div>\n\t\t<\/div>\n\t\t\t\t\t<\/div>\n\t\t<\/section>\n\t\t\t\t<section class=\"elementor-section elementor-top-section elementor-element elementor-element-09b6877 elementor-section-full_width elementor-section-height-default elementor-section-height-default wpr-particle-no wpr-jarallax-no wpr-parallax-no wpr-sticky-section-no wpr-equal-height-no\" data-id=\"09b6877\" data-element_type=\"section\" data-e-type=\"section\">\n\t\t\t\t\t\t<div class=\"elementor-container elementor-column-gap-wide\">\n\t\t\t\t\t<div class=\"elementor-column elementor-col-100 elementor-top-column elementor-element elementor-element-47eb5b2\" data-id=\"47eb5b2\" data-element_type=\"column\" data-e-type=\"column\">\n\t\t\t<div class=\"elementor-widget-wrap elementor-element-populated\">\n\t\t\t\t\t\t<div class=\"elementor-element elementor-element-a14f33d elementor-widget elementor-widget-heading\" data-id=\"a14f33d\" data-element_type=\"widget\" data-e-type=\"widget\" data-widget_type=\"heading.default\">\n\t\t\t\t<div class=\"elementor-widget-container\">\n\t\t\t\t\t<h2 class=\"elementor-heading-title elementor-size-default\">\u00bfC\u00f3mo puedo ayudar?<\/h2>\t\t\t\t<\/div>\n\t\t\t\t<\/div>\n\t\t\t\t<div class=\"elementor-element elementor-element-6ef7091 elementor-widget-divider--view-line elementor-widget elementor-widget-divider\" data-id=\"6ef7091\" data-element_type=\"widget\" data-e-type=\"widget\" data-widget_type=\"divider.default\">\n\t\t\t\t<div class=\"elementor-widget-container\">\n\t\t\t\t\t\t\t<div class=\"elementor-divider\">\n\t\t\t<span class=\"elementor-divider-separator\">\n\t\t\t\t\t\t<\/span>\n\t\t<\/div>\n\t\t\t\t\t\t<\/div>\n\t\t\t\t<\/div>\n\t\t\t\t<div class=\"elementor-element elementor-element-efc8644 elementor-widget-divider--view-line elementor-widget elementor-widget-divider\" data-id=\"efc8644\" data-element_type=\"widget\" data-e-type=\"widget\" data-widget_type=\"divider.default\">\n\t\t\t\t<div class=\"elementor-widget-container\">\n\t\t\t\t\t\t\t<div class=\"elementor-divider\">\n\t\t\t<span class=\"elementor-divider-separator\">\n\t\t\t\t\t\t<\/span>\n\t\t<\/div>\n\t\t\t\t\t\t<\/div>\n\t\t\t\t<\/div>\n\t\t\t\t<div class=\"elementor-element elementor-element-5619b7a elementor-widget elementor-widget-shortcode\" data-id=\"5619b7a\" data-element_type=\"widget\" data-e-type=\"widget\" data-widget_type=\"shortcode.default\">\n\t\t\t\t<div class=\"elementor-widget-container\">\n\t\t\t\t\t\t\t<div class=\"elementor-shortcode\">\n<table id=\"tablepress-HowcanIhelp\" class=\"tablepress tablepress-id-HowcanIhelp\">\n<thead>\n<tr class=\"row-1\">\n\t<th class=\"column-1\">Situaci\u00f3n<\/th><th class=\"column-2\">Organizaciones<\/th>\n<\/tr>\n<\/thead>\n<tbody class=\"row-striping row-hover\">\n<tr class=\"row-2\">\n\t<td class=\"column-1\"><b>Quiero ser voluntario<\/b><\/td><td class=\"column-2\">Algunas excelentes organizaciones a las que puedes ayudar son  <b>Casa San Jos\u00e9<\/b> (https:\/\/www.casasanjose.org\/), <b>Pittsburgh Hispanic Development Corporation<\/b> (https:\/\/phdcincubator.org\/en\/home\/), <b>Latino Community Center<\/b> (https:\/\/www.latinocommunitycenter.org\/), <b>Vibrant Pittsburgh<\/b> (https:\/\/vibrantpittsburgh.org\/), <b>Jubilee Kitchen<\/b> (https:\/\/jubileekitchen.org\/get-involved\/), <b>Catholic Charities of Pittsburgh<\/b> (https:\/\/www.ccpgh.org\/), <b>Greater Pittsburgh Community Food Bank<\/b> (https:\/\/pittsburghfoodbank.org\/), y <b>Light of Life Rescue Mission<\/b> (https:\/\/www.lightoflife.org\/).<\/td>\n<\/tr>\n<tr class=\"row-3\">\n\t<td class=\"column-1\"><b>Quiero dar dinero<\/b><\/td><td class=\"column-2\">La <b>Greater Pittsburgh Community Food Bank<\/b> (https:\/\/pittsburghfoodbank.org\/), <b>Casa San Jos\u00e9<\/b> (https:\/\/www.casasanjose.org\/), the <b>Latino Community Center<\/b> (https:\/\/www.latinocommunitycenter.org\/), <b>Jubilee Kitchen<\/b> (https:\/\/jubileekitchen.org\/ways-to-give\/), <b>Light of Life Rescue Mission<\/b> (https:\/\/www.lightoflife.org\/), <b>The Education Partnership<\/b> (https:\/\/theeducationpartnership.org\/), y <b>Women's Center &amp; Shelter of Greater Pittsburgh<\/b> ( https:\/\/wcspittsburgh.org\/).<\/td>\n<\/tr>\n<tr class=\"row-4\">\n\t<td class=\"column-1\"><b>Quiero dar ropa<\/b><\/td><td class=\"column-2\"><b>Considera donar a Goodwill of Southwestern PA<\/b> (https:\/\/www.goodwillswpa.org\/) , <b>The Salvation Army<\/b> (https:\/\/easternusa.salvationarmy.org\/western-pennsylvania\/) , <b>Dress for Success Pittsburgh<\/b> (https:\/\/pittsburgh.dressforsuccess.org\/), y <b>Pickup Please<\/b> (https:\/\/pickupplease.org\/).<\/td>\n<\/tr>\n<tr class=\"row-5\">\n\t<td class=\"column-1\"><b>Quiero dar muebles y electrodom\u00e9sticos <\/b><\/td><td class=\"column-2\"><b>Opciones buenas son Habitat For Humanity ReStore<\/b> (https:\/\/www.habitatpittsburgh.org\/restore), <b>Global Links<\/b> (https:\/\/www.globallinks.org\/), <b>St. VIncent de Paul Society of Pittsburgh<\/b> (https:\/\/svdppitt.org\/), y <b>Pickup Please<\/b> (https:\/\/pickupplease.org\/).<\/td>\n<\/tr>\n<tr class=\"row-6\">\n\t<td class=\"column-1\"><b>Quiero dar comida<\/b><\/td><td class=\"column-2\"><b>Considera como opciones a 412 Food Rescue<\/b> (https:\/\/412foodrescue.org\/), <b>Jubilee Soup Kitchen<\/b> (http:\/\/www.jubileesoupkitchen.org\/), y <b>Greater Pittsburgh Community Food Bank<\/b> (https:\/\/www.pittsburghfoodbank.org\/).<\/td>\n<\/tr>\n<\/tbody>\n<\/table>\n<\/div>\n\t\t\t\t\t\t<\/div>\n\t\t\t\t<\/div>\n\t\t\t\t\t<\/div>\n\t\t<\/div>\n\t\t\t\t\t<\/div>\n\t\t<\/section>\n\t\t\t\t<\/div>","protected":false},"excerpt":{"rendered":"<p>How to Help and Get Help How Can I Get Help? How Can I Help?<\/p>","protected":false},"author":1,"featured_media":0,"parent":0,"menu_order":0,"comment_status":"closed","ping_status":"closed","template":"elementor_canvas","meta":{"footnotes":""},"class_list":["post-1048","page","type-page","status-publish","hentry"],"_links":{"self":[{"href":"https:\/\/latinos-pittsburgh.com\/es\/wp-json\/wp\/v2\/pages\/1048","targetHints":{"allow":["GET"]}}],"collection":[{"href":"https:\/\/latinos-pittsburgh.com\/es\/wp-json\/wp\/v2\/pages"}],"about":[{"href":"https:\/\/latinos-pittsburgh.com\/es\/wp-json\/wp\/v2\/types\/page"}],"author":[{"embeddable":true,"href":"https:\/\/latinos-pittsburgh.com\/es\/wp-json\/wp\/v2\/users\/1"}],"replies":[{"embeddable":true,"href":"https:\/\/latinos-pittsburgh.com\/es\/wp-json\/wp\/v2\/comments?post=1048"}],"version-history":[{"count":22,"href":"https:\/\/latinos-pittsburgh.com\/es\/wp-json\/wp\/v2\/pages\/1048\/revisions"}],"predecessor-version":[{"id":1331,"href":"https:\/\/latinos-pittsburgh.com\/es\/wp-json\/wp\/v2\/pages\/1048\/revisions\/1331"}],"wp:attachment":[{"href":"https:\/\/latinos-pittsburgh.com\/es\/wp-json\/wp\/v2\/media?parent=1048"}],"curies":[{"name":"wp","href":"https:\/\/api.w.org\/{rel}","templated":true}]}}